{"id":1707434,"date":"2025-10-30T10:58:56","date_gmt":"2025-10-30T08:58:56","guid":{"rendered":"https:\/\/haltia.com\/dataskyddsbeskrivning\/"},"modified":"2025-10-30T11:02:01","modified_gmt":"2025-10-30T09:02:01","slug":"dataskyddsbeskrivning","status":"publish","type":"page","link":"https:\/\/haltia.com\/sv\/dataskyddsbeskrivning\/","title":{"rendered":"Dataskyddsbeskrivning"},"content":{"rendered":"<h1>Dataskyddsbeskrivning<\/h1>\n<h2>Vem vi \u00e4r<\/h2>\n<p>Haltia.com \u00e4r en \u00f6ppen webbplats som presenterar verksamheten, tj\u00e4nsterna och aktuella h\u00e4ndelser vid Finlands naturcentrum Haltia.<\/p>\n<p>N\u00e4r du bes\u00f6ker haltia.com kan vi behandla personuppgifter om dig. Vi \u00e4r engagerade i att hantera dina personuppgifter p\u00e5 ett s\u00e4kert och skyddat s\u00e4tt. Nedan f\u00f6rklarar vi vilka personuppgifter vi samlar in, hur vi behandlar dem och vilka r\u00e4ttigheter du har g\u00e4llande behandlingen av dina uppgifter.<\/p>\n<p>Webbplatsen haltia.com administreras av Forststyrelsen och webbutiken shop.haltia.com av Jotuca Oy (Retkipaikka). Webbplatsen inneh\u00e5ller inb\u00e4ddningar fr\u00e5n webbutiken shop.haltia.com.<\/p>\n<p>Personuppgiftsansvarig f\u00f6r de uppgifter vi behandlar \u00e4r Forststyrelsen, representerad av Haltias marknadsf\u00f6ringschef Katja M\u00e4\u00e4tt\u00e4 (katja.maatta(at)metsa.fi). Representant f\u00f6r Jotuca Oy \u00e4r Antti Huttunen (antti(at)retkipaikka.fi).<\/p>\n<p>Om du har fr\u00e5gor om behandlingen av dina personuppgifter, kontakta oss g\u00e4rna!<\/p>\n<h2>Vilka personuppgifter vi samlar in och varf\u00f6r<\/h2>\n<p>P\u00e5 haltia.com samlas anv\u00e4ndardata in f\u00f6r statistik och utveckling av webbplatsen, information om v\u00e5r verksamhet via feedbackformul\u00e4r samt prenumeranter p\u00e5 nyhetsbrev f\u00f6r att informera om v\u00e5r verksamhet.<\/p>\n<p>I feedbackformul\u00e4ret kan du frivilligt l\u00e4mna kontaktuppgifter om du \u00f6nskar svar. Du kan l\u00e4mna f\u00f6ljande personuppgifter: namn, ort, e-postadress, telefonnummer samt sj\u00e4lva inneh\u00e5llet i feedbacken. Dessa uppgifter anv\u00e4nds endast f\u00f6r att svara p\u00e5 feedback och utveckla verksamheten.<\/p>\n<p>Vid prenumeration p\u00e5 nyhetsbrev l\u00e4mnar du din e-postadress och ger tillst\u00e5nd att skicka aktuell information om v\u00e5r verksamhet, kommande evenemang, utst\u00e4llningar och liknande.<\/p>\n<p>Anv\u00e4ndningsdata fr\u00e5n haltia.com samlas in med Google Analytics. Uppgifterna lagras i Google Analytics-verktyget. Vi samlar anonym information om hur webbplatsen anv\u00e4nds, varifr\u00e5n bes\u00f6kare kommer, vilka sidor som bes\u00f6ks och hur l\u00e4nge.<\/p>\n<h2>Feedback- och kontaktformul\u00e4r<\/h2>\n<p>Uppgifter som samlas in via webbformul\u00e4ret (<a href=\"https:\/\/haltia.com\/sv\/kontaktuppgifter\/\">https:\/\/haltia.com\/sv\/kontaktuppgifter\/<\/a>) lagras p\u00e5 en server som underh\u00e5lls av Zoner inom EU. Uppgifterna sparas s\u00e5 l\u00e4nge som beh\u00f6vs f\u00f6r att behandla och eventuellt svara p\u00e5 feedback. Sj\u00e4lva feedbacken kan sparas l\u00e4ngre, men personuppgifter raderas n\u00e4r de inte l\u00e4ngre beh\u00f6vs. Personuppgifter l\u00e4mnas inte ut till tredje part.<\/p>\n<h2>Cookies<\/h2>\n<p>Sm\u00e5 filer som lagras p\u00e5 din dator n\u00e4r du bes\u00f6ker webbplatser kallas &#8221;cookies&#8221;.<\/p>\n<p>En cookie best\u00e5r av information som skickas fr\u00e5n webbservern till webbl\u00e4saren och lagras d\u00e4r. Informationen skickas tillbaka till servern varje g\u00e5ng webbl\u00e4saren beg\u00e4r en sida. P\u00e5 s\u00e5 s\u00e4tt kan servern identifiera och sp\u00e5ra webbl\u00e4saren. De flesta webbplatser anv\u00e4nder cookies f\u00f6r att f\u00f6rb\u00e4ttra anv\u00e4ndarupplevelsen.<\/p>\n<p>Det finns olika typer av cookies. Tempor\u00e4ra cookies raderas n\u00e4r webbl\u00e4saren st\u00e4ngs. Permanenta cookies lagras tills de aktivt tas bort eller f\u00f6rfaller.<\/p>\n<p>Cookies inneh\u00e5ller inte personligt identifierbar information. Du har kontroll \u00f6ver den information som lagras.<\/p>\n<p>Vid bes\u00f6k p\u00e5 webbplatsen f\u00e5r du en cookie-f\u00f6rfr\u00e5gan d\u00e4r du kan v\u00e4lja att neka cookies. F\u00f6r att \u00e4ndra inst\u00e4llningar, rensa cookies i webbl\u00e4sarens inst\u00e4llningar (under sekretess) och bes\u00f6k haltia.com igen f\u00f6r att f\u00e5 en ny f\u00f6rfr\u00e5gan.<\/p>\n<p>Webbplatsen kan inneh\u00e5lla inb\u00e4ddningar fr\u00e5n tredje part, t.ex. YouTube f\u00f6r videor. Dessa kan s\u00e4tta cookies i din webbl\u00e4sare. Du kan v\u00e4lja inst\u00e4llningar vid bes\u00f6k. Vissa cookies \u00e4r n\u00f6dv\u00e4ndiga f\u00f6r att funktioner ska fungera.<\/p>\n<h2>Inb\u00e4ddat inneh\u00e5ll fr\u00e5n andra webbplatser<\/h2>\n<p>Artiklar p\u00e5 denna webbplats kan inneh\u00e5lla inb\u00e4ddat inneh\u00e5ll (t.ex. videor, bilder, artiklar). Att \u00f6ppna s\u00e5dant inneh\u00e5ll \u00e4r j\u00e4mf\u00f6rbart med att bes\u00f6ka den tredje partens webbplats direkt.<\/p>\n<p>Dessa webbplatser kan samla information om dig, anv\u00e4nda cookies, b\u00e4dda in sp\u00e5rningscookies och \u00f6vervaka din interaktion med inneh\u00e5llet, s\u00e4rskilt om du \u00e4r inloggad.<\/p>\n<h2>Webbutik<\/h2>\n<p>Vid k\u00f6p p\u00e5 shop.haltia.com samlar vi in och lagrar f\u00f6ljande uppgifter:<\/p>\n<ul>\n<li aria-level=\"1\">Ditt namn<\/li>\n<li aria-level=\"1\">Din e-postadress (f\u00f6r kommunikation om best\u00e4llning eller kundrelation)<\/li>\n<li aria-level=\"1\">Ditt telefonnummer (f\u00f6r kommunikation om best\u00e4llning eller kundrelation)<\/li>\n<li aria-level=\"1\">Din adress (f\u00f6r leverans)<\/li>\n<li aria-level=\"1\">Betalningsinformation (f\u00f6r \u00e5terbetalningar och bokf\u00f6ring)<\/li>\n<\/ul>\n<p>Dessa uppgifter sparas f\u00f6r att s\u00e4kerst\u00e4lla dina juridiska r\u00e4ttigheter.<\/p>\n<p>Genom att best\u00e4lla uppst\u00e5r ett ber\u00e4ttigat intresse att marknadsf\u00f6ra liknande produkter. Du kan n\u00e4r som helst neka s\u00e5dan marknadsf\u00f6ring.<\/p>\n<h2>Media<\/h2>\n<p>Om du skickar bilder till oss f\u00f6r anv\u00e4ndning p\u00e5 webbplatsen, undvik att ladda upp bilder med platsdata (EXIF GPS). Bes\u00f6kare kan ladda ner och se platsdata fr\u00e5n bilder p\u00e5 webbplatsen.<\/p>\n<h2>Dina r\u00e4ttigheter till dina uppgifter<\/h2>\n<p>Om du har l\u00e4mnat personuppgifter till oss kan du beg\u00e4ra en sammanst\u00e4llning av dessa. Du kan ocks\u00e5 beg\u00e4ra att uppgifterna raderas. Du har r\u00e4tt att beg\u00e4ra r\u00e4ttelse av felaktiga uppgifter och begr\u00e4nsning av behandling under tiden uppgifternas riktighet kontrolleras. Du har \u00e4ven r\u00e4tt att l\u00e4mna klagom\u00e5l till tillsynsmyndigheten.<\/p>\n<p>R\u00e4tten till radering g\u00e4ller inte uppgifter som m\u00e5ste sparas av juridiska, administrativa eller s\u00e4kerhetssk\u00e4l.<\/p>\n<h2>Vem vi delar dina uppgifter med<\/h2>\n<p>Vi delar inte dina uppgifter med andra.<\/p>\n<h2>Dataskydd<\/h2>\n<p>Skyddet av haltia.com f\u00f6ljer god praxis och g\u00e4llande lagar. Systemet \u00e4r \u00e5tkomligt endast f\u00f6r personer som beh\u00f6ver uppgifterna i sitt arbete.<\/p>\n<p>Vid fr\u00e5gor om dataskydd, kontakta i f\u00f6rsta hand skriftligen: Finlands naturcentrum Haltia, Noixv\u00e4gen 84, 02820 Esbo eller via e-post: katja.maatta(at)metsa.fi.<\/p>\n<p>&nbsp;<\/p>\n<p>&nbsp;<\/p>\n","protected":false},"excerpt":{"rendered":"<p>Dataskyddsbeskrivning Vem vi \u00e4r Haltia.com \u00e4r en \u00f6ppen webbplats som presenterar verksamheten, tj\u00e4nsterna och aktuella h\u00e4ndelser vid Finlands naturcentrum Haltia. N\u00e4r du bes\u00f6ker haltia.com kan vi behandla personuppgifter om dig. Vi \u00e4r engagerade i att hantera dina personuppgifter p\u00e5 ett s\u00e4kert och skyddat s\u00e4tt. Nedan f\u00f6rklarar vi vilka personuppgifter vi samlar in, hur vi behandlar [&hellip;]<\/p>\n","protected":false},"author":1,"featured_media":0,"parent":0,"menu_order":0,"comment_status":"closed","ping_status":"open","template":"","meta":{"footnotes":""},"class_list":["post-1707434","page","type-page","status-publish","hentry"],"yoast_head":"<!-- This site is optimized with the Yoast SEO plugin v27.3 - https:\/\/yoast.com\/product\/yoast-seo-wordpress\/ -->\n<title>Dataskyddsbeskrivning - haltia.com<\/title>\n<meta name=\"robots\" content=\"index, follow, max-snippet:-1, max-image-preview:large, max-video-preview:-1\" \/>\n<link rel=\"canonical\" href=\"https:\/\/haltia.com\/sv\/dataskyddsbeskrivning\/\" \/>\n<meta property=\"og:locale\" content=\"sv_SE\" \/>\n<meta property=\"og:type\" content=\"article\" \/>\n<meta property=\"og:title\" content=\"Dataskyddsbeskrivning - haltia.com\" \/>\n<meta property=\"og:description\" content=\"Dataskyddsbeskrivning Vem vi \u00e4r Haltia.com \u00e4r en \u00f6ppen webbplats som presenterar verksamheten, tj\u00e4nsterna och aktuella h\u00e4ndelser vid Finlands naturcentrum Haltia. N\u00e4r du bes\u00f6ker haltia.com kan vi behandla personuppgifter om dig. Vi \u00e4r engagerade i att hantera dina personuppgifter p\u00e5 ett s\u00e4kert och skyddat s\u00e4tt. Nedan f\u00f6rklarar vi vilka personuppgifter vi samlar in, hur vi behandlar [&hellip;]\" \/>\n<meta property=\"og:url\" content=\"https:\/\/haltia.com\/sv\/dataskyddsbeskrivning\/\" \/>\n<meta property=\"og:site_name\" content=\"haltia.com\" \/>\n<meta property=\"article:publisher\" content=\"https:\/\/www.facebook.com\/haltiacom\" \/>\n<meta property=\"article:modified_time\" content=\"2025-10-30T09:02:01+00:00\" \/>\n<meta name=\"twitter:card\" content=\"summary_large_image\" \/>\n<meta name=\"twitter:site\" content=\"@HaltiaSuomi\" \/>\n<script type=\"application\/ld+json\" class=\"yoast-schema-graph\">{\"@context\":\"https:\\\/\\\/schema.org\",\"@graph\":[{\"@type\":\"WebPage\",\"@id\":\"https:\\\/\\\/haltia.com\\\/sv\\\/dataskyddsbeskrivning\\\/\",\"url\":\"https:\\\/\\\/haltia.com\\\/sv\\\/dataskyddsbeskrivning\\\/\",\"name\":\"Dataskyddsbeskrivning - haltia.com\",\"isPartOf\":{\"@id\":\"https:\\\/\\\/haltia.com\\\/sv\\\/#website\"},\"datePublished\":\"2025-10-30T08:58:56+00:00\",\"dateModified\":\"2025-10-30T09:02:01+00:00\",\"breadcrumb\":{\"@id\":\"https:\\\/\\\/haltia.com\\\/sv\\\/dataskyddsbeskrivning\\\/#breadcrumb\"},\"inLanguage\":\"sv-SE\",\"potentialAction\":[{\"@type\":\"ReadAction\",\"target\":[\"https:\\\/\\\/haltia.com\\\/sv\\\/dataskyddsbeskrivning\\\/\"]}]},{\"@type\":\"BreadcrumbList\",\"@id\":\"https:\\\/\\\/haltia.com\\\/sv\\\/dataskyddsbeskrivning\\\/#breadcrumb\",\"itemListElement\":[{\"@type\":\"ListItem\",\"position\":1,\"name\":\"Home\",\"item\":\"https:\\\/\\\/haltia.com\\\/sv\\\/haltia-finlands-natur-och-vandringscentrum-framsida\\\/\"},{\"@type\":\"ListItem\",\"position\":2,\"name\":\"Dataskyddsbeskrivning\"}]},{\"@type\":\"WebSite\",\"@id\":\"https:\\\/\\\/haltia.com\\\/sv\\\/#website\",\"url\":\"https:\\\/\\\/haltia.com\\\/sv\\\/\",\"name\":\"haltia.com\",\"description\":\"Ihan uusi WordPress-sivusto\",\"publisher\":{\"@id\":\"https:\\\/\\\/haltia.com\\\/sv\\\/#organization\"},\"potentialAction\":[{\"@type\":\"SearchAction\",\"target\":{\"@type\":\"EntryPoint\",\"urlTemplate\":\"https:\\\/\\\/haltia.com\\\/sv\\\/?s={search_term_string}\"},\"query-input\":{\"@type\":\"PropertyValueSpecification\",\"valueRequired\":true,\"valueName\":\"search_term_string\"}}],\"inLanguage\":\"sv-SE\"},{\"@type\":\"Organization\",\"@id\":\"https:\\\/\\\/haltia.com\\\/sv\\\/#organization\",\"name\":\"Haltia\",\"url\":\"https:\\\/\\\/haltia.com\\\/sv\\\/\",\"logo\":{\"@type\":\"ImageObject\",\"inLanguage\":\"sv-SE\",\"@id\":\"https:\\\/\\\/haltia.com\\\/sv\\\/#\\\/schema\\\/logo\\\/image\\\/\",\"url\":\"https:\\\/\\\/haltia.com\\\/wp-content\\\/uploads\\\/2020\\\/06\\\/haltia-logoweb.png\",\"contentUrl\":\"https:\\\/\\\/haltia.com\\\/wp-content\\\/uploads\\\/2020\\\/06\\\/haltia-logoweb.png\",\"width\":550,\"height\":320,\"caption\":\"Haltia\"},\"image\":{\"@id\":\"https:\\\/\\\/haltia.com\\\/sv\\\/#\\\/schema\\\/logo\\\/image\\\/\"},\"sameAs\":[\"https:\\\/\\\/www.facebook.com\\\/haltiacom\",\"https:\\\/\\\/x.com\\\/HaltiaSuomi\",\"https:\\\/\\\/www.instagram.com\\\/haltiacom\\\/\",\"https:\\\/\\\/fi.wikipedia.org\\\/wiki\\\/Suomen_luontokeskus_Haltia\"]}]}<\/script>\n<!-- \/ Yoast SEO plugin. -->","yoast_head_json":{"title":"Dataskyddsbeskrivning - haltia.com","robots":{"index":"index","follow":"follow","max-snippet":"max-snippet:-1","max-image-preview":"max-image-preview:large","max-video-preview":"max-video-preview:-1"},"canonical":"https:\/\/haltia.com\/sv\/dataskyddsbeskrivning\/","og_locale":"sv_SE","og_type":"article","og_title":"Dataskyddsbeskrivning - haltia.com","og_description":"Dataskyddsbeskrivning Vem vi \u00e4r Haltia.com \u00e4r en \u00f6ppen webbplats som presenterar verksamheten, tj\u00e4nsterna och aktuella h\u00e4ndelser vid Finlands naturcentrum Haltia. N\u00e4r du bes\u00f6ker haltia.com kan vi behandla personuppgifter om dig. Vi \u00e4r engagerade i att hantera dina personuppgifter p\u00e5 ett s\u00e4kert och skyddat s\u00e4tt. Nedan f\u00f6rklarar vi vilka personuppgifter vi samlar in, hur vi behandlar [&hellip;]","og_url":"https:\/\/haltia.com\/sv\/dataskyddsbeskrivning\/","og_site_name":"haltia.com","article_publisher":"https:\/\/www.facebook.com\/haltiacom","article_modified_time":"2025-10-30T09:02:01+00:00","twitter_card":"summary_large_image","twitter_site":"@HaltiaSuomi","schema":{"@context":"https:\/\/schema.org","@graph":[{"@type":"WebPage","@id":"https:\/\/haltia.com\/sv\/dataskyddsbeskrivning\/","url":"https:\/\/haltia.com\/sv\/dataskyddsbeskrivning\/","name":"Dataskyddsbeskrivning - haltia.com","isPartOf":{"@id":"https:\/\/haltia.com\/sv\/#website"},"datePublished":"2025-10-30T08:58:56+00:00","dateModified":"2025-10-30T09:02:01+00:00","breadcrumb":{"@id":"https:\/\/haltia.com\/sv\/dataskyddsbeskrivning\/#breadcrumb"},"inLanguage":"sv-SE","potentialAction":[{"@type":"ReadAction","target":["https:\/\/haltia.com\/sv\/dataskyddsbeskrivning\/"]}]},{"@type":"BreadcrumbList","@id":"https:\/\/haltia.com\/sv\/dataskyddsbeskrivning\/#breadcrumb","itemListElement":[{"@type":"ListItem","position":1,"name":"Home","item":"https:\/\/haltia.com\/sv\/haltia-finlands-natur-och-vandringscentrum-framsida\/"},{"@type":"ListItem","position":2,"name":"Dataskyddsbeskrivning"}]},{"@type":"WebSite","@id":"https:\/\/haltia.com\/sv\/#website","url":"https:\/\/haltia.com\/sv\/","name":"haltia.com","description":"Ihan uusi WordPress-sivusto","publisher":{"@id":"https:\/\/haltia.com\/sv\/#organization"},"potentialAction":[{"@type":"SearchAction","target":{"@type":"EntryPoint","urlTemplate":"https:\/\/haltia.com\/sv\/?s={search_term_string}"},"query-input":{"@type":"PropertyValueSpecification","valueRequired":true,"valueName":"search_term_string"}}],"inLanguage":"sv-SE"},{"@type":"Organization","@id":"https:\/\/haltia.com\/sv\/#organization","name":"Haltia","url":"https:\/\/haltia.com\/sv\/","logo":{"@type":"ImageObject","inLanguage":"sv-SE","@id":"https:\/\/haltia.com\/sv\/#\/schema\/logo\/image\/","url":"https:\/\/haltia.com\/wp-content\/uploads\/2020\/06\/haltia-logoweb.png","contentUrl":"https:\/\/haltia.com\/wp-content\/uploads\/2020\/06\/haltia-logoweb.png","width":550,"height":320,"caption":"Haltia"},"image":{"@id":"https:\/\/haltia.com\/sv\/#\/schema\/logo\/image\/"},"sameAs":["https:\/\/www.facebook.com\/haltiacom","https:\/\/x.com\/HaltiaSuomi","https:\/\/www.instagram.com\/haltiacom\/","https:\/\/fi.wikipedia.org\/wiki\/Suomen_luontokeskus_Haltia"]}]}},"_links":{"self":[{"href":"https:\/\/haltia.com\/sv\/wp-json\/wp\/v2\/pages\/1707434","targetHints":{"allow":["GET"]}}],"collection":[{"href":"https:\/\/haltia.com\/sv\/wp-json\/wp\/v2\/pages"}],"about":[{"href":"https:\/\/haltia.com\/sv\/wp-json\/wp\/v2\/types\/page"}],"author":[{"embeddable":true,"href":"https:\/\/haltia.com\/sv\/wp-json\/wp\/v2\/users\/1"}],"replies":[{"embeddable":true,"href":"https:\/\/haltia.com\/sv\/wp-json\/wp\/v2\/comments?post=1707434"}],"version-history":[{"count":5,"href":"https:\/\/haltia.com\/sv\/wp-json\/wp\/v2\/pages\/1707434\/revisions"}],"predecessor-version":[{"id":1707439,"href":"https:\/\/haltia.com\/sv\/wp-json\/wp\/v2\/pages\/1707434\/revisions\/1707439"}],"wp:attachment":[{"href":"https:\/\/haltia.com\/sv\/wp-json\/wp\/v2\/media?parent=1707434"}],"curies":[{"name":"wp","href":"https:\/\/api.w.org\/{rel}","templated":true}]}}