{"id":1689573,"date":"2020-12-23T14:21:57","date_gmt":"2020-12-23T12:21:57","guid":{"rendered":"https:\/\/haltia.com\/haltia-for-skolor-och-smabarnsfostran\/lager\/"},"modified":"2026-03-26T17:21:54","modified_gmt":"2026-03-26T15:21:54","slug":"lager","status":"publish","type":"page","link":"https:\/\/haltia.com\/sv\/naturskola\/lager\/","title":{"rendered":"L\u00e4ger"},"content":{"rendered":"\n<style type=\"text\/css\" data-created_by=\"avia_inline_auto\" id=\"style-css-av-kckb1x0q-f1f7dbc48dca435cb3279daaa228fd43\">\n.avia-section.av-kckb1x0q-f1f7dbc48dca435cb3279daaa228fd43 .av-parallax .av-parallax-inner{\nbackground-repeat:no-repeat;\nbackground-image:url(https:\/\/haltia.com\/wp-content\/uploads\/2020\/12\/saniainen.jpg);\nbackground-position:50% 50%;\nbackground-attachment:scroll;\n}\n.avia-section.av-kckb1x0q-f1f7dbc48dca435cb3279daaa228fd43 .av-section-color-overlay{\nopacity:0.3;\nbackground-color:#000000;\n}\n<\/style>\n<div id='av_section_1'  class='avia-section av-kckb1x0q-f1f7dbc48dca435cb3279daaa228fd43 main_color avia-section-default avia-no-border-styling  avia-builder-el-0  el_before_av_one_half  avia-builder-el-first  avia-full-stretch av-parallax-section avia-bg-style-parallax av-section-color-overlay-active av-minimum-height av-minimum-height-75 av-height-75  container_wrap fullsize'  data-section-bg-repeat='stretch' data-av_minimum_height_pc='75' data-av_min_height_opt='75'><div class='av-parallax' data-avia-parallax-ratio='0.3' ><div class='av-parallax-inner main_color avia-full-stretch'><\/div><\/div><div class=\"av-section-color-overlay-wrap\"><div class=\"av-section-color-overlay\"><\/div><a href='#next-section' title='' class='scroll-down-link ' aria-hidden='true' data-av_icon='\ue877' data-av_iconfont='entypo-fontello'><\/a><div class='container av-section-cont-open' ><main  role=\"main\" itemprop=\"mainContentOfPage\"  class='template-page content  av-content-full alpha units'><div class='post-entry post-entry-type-page post-entry-1689573'><div class='entry-content-wrapper clearfix'>\n\n<style type=\"text\/css\" data-created_by=\"avia_inline_auto\" id=\"style-css-av-2spm-8d1abe3c573a0f8786479d4ff07537a1\">\n.flex_column.av-2spm-8d1abe3c573a0f8786479d4ff07537a1{\nborder-radius:0px 0px 0px 0px;\npadding:0px 0px 0px 0px;\n}\n<\/style>\n<div  class='flex_column av-2spm-8d1abe3c573a0f8786479d4ff07537a1 av_one_full  avia-builder-el-1  avia-builder-el-no-sibling  first flex_column_div av-zero-column-padding  '     ><p>\n<style type=\"text\/css\" data-created_by=\"avia_inline_auto\" id=\"style-css-av-kj1d9d5e-2d75cf2205af36a26ccb4ee406c0450e\">\n#top .av-special-heading.av-kj1d9d5e-2d75cf2205af36a26ccb4ee406c0450e{\npadding-bottom:10px;\ncolor:#ffffff;\nfont-size:5vw;\n}\nbody .av-special-heading.av-kj1d9d5e-2d75cf2205af36a26ccb4ee406c0450e .av-special-heading-tag .heading-char{\nfont-size:25px;\n}\n#top #wrap_all .av-special-heading.av-kj1d9d5e-2d75cf2205af36a26ccb4ee406c0450e .av-special-heading-tag{\nfont-size:5vw;\n}\n.av-special-heading.av-kj1d9d5e-2d75cf2205af36a26ccb4ee406c0450e .special-heading-inner-border{\nborder-color:#ffffff;\n}\n.av-special-heading.av-kj1d9d5e-2d75cf2205af36a26ccb4ee406c0450e .av-subheading{\nfont-size:15px;\n}\n\n@media only screen and (min-width: 480px) and (max-width: 767px){ \n#top #wrap_all .av-special-heading.av-kj1d9d5e-2d75cf2205af36a26ccb4ee406c0450e .av-special-heading-tag{\nfont-size:24px;\n}\n}\n\n@media only screen and (max-width: 479px){ \n#top #wrap_all .av-special-heading.av-kj1d9d5e-2d75cf2205af36a26ccb4ee406c0450e .av-special-heading-tag{\nfont-size:24px;\n}\n}\n<\/style>\n<div  class='av-special-heading av-kj1d9d5e-2d75cf2205af36a26ccb4ee406c0450e av-special-heading-h1 custom-color-heading blockquote modern-quote  avia-builder-el-2  el_before_av_hr  avia-builder-el-first  av-inherit-size'><h1 class='av-special-heading-tag '  itemprop=\"headline\"  >L\u00e4gerverksamhet<\/h1><div class=\"special-heading-border\"><div class=\"special-heading-inner-border\"><\/div><\/div><\/div><br \/>\n\n<style type=\"text\/css\" data-created_by=\"avia_inline_auto\" id=\"style-css-av-kcke5jg6-61a9f21ca898da250bb12c6bb62eb61b\">\n#top .hr.hr-invisible.av-kcke5jg6-61a9f21ca898da250bb12c6bb62eb61b{\nheight:50px;\n}\n<\/style>\n<div  class='hr av-kcke5jg6-61a9f21ca898da250bb12c6bb62eb61b hr-invisible  avia-builder-el-3  el_after_av_heading  el_before_av_hr '><span class='hr-inner '><span class=\"hr-inner-style\"><\/span><\/span><\/div><br \/>\n\n<style type=\"text\/css\" data-created_by=\"avia_inline_auto\" id=\"style-css-av-kcke5jg6-2-dc9be1253d21fbf379378fd9528e7953\">\n#top .hr.hr-invisible.av-kcke5jg6-2-dc9be1253d21fbf379378fd9528e7953{\nheight:50px;\n}\n<\/style>\n<div  class='hr av-kcke5jg6-2-dc9be1253d21fbf379378fd9528e7953 hr-invisible  avia-builder-el-4  el_after_av_hr  avia-builder-el-last '><span class='hr-inner '><span class=\"hr-inner-style\"><\/span><\/span><\/div><\/p><\/div>\n<\/div><\/div><\/main><!-- close content main element --><\/div><\/div><\/div><div id='after_section_1'  class='main_color av_default_container_wrap container_wrap fullsize'  ><div class='container av-section-cont-open' ><div class='template-page content  av-content-full alpha units'><div class='post-entry post-entry-type-page post-entry-1689573'><div class='entry-content-wrapper clearfix'>\n\n<style type=\"text\/css\" data-created_by=\"avia_inline_auto\" id=\"style-css-av-3mzlx8-cf61196348b7b3a00097459e38adc75e\">\n.flex_column.av-3mzlx8-cf61196348b7b3a00097459e38adc75e{\nborder-radius:0px 0px 0px 0px;\npadding:0px 0px 0px 0px;\n}\n<\/style>\n<div  class='flex_column av-3mzlx8-cf61196348b7b3a00097459e38adc75e av_one_half  avia-builder-el-5  el_after_av_section  el_before_av_one_half  avia-builder-el-first  first flex_column_div av-zero-column-padding  '     ><section  class='av_textblock_section av-kj049mxe-c9ca04e3987b78018e565bcbb1ecbd8d '   itemscope=\"itemscope\" itemtype=\"https:\/\/schema.org\/CreativeWork\" ><div class='avia_textblock'  itemprop=\"text\" ><h2 class=\"av-special-heading-tag \">Junior Ranger-verksamhet i Noux nationalpark<\/h2>\n<h4>Noux nationalpark s\u00f6ker 11\u201313-\u00e5riga ungdomar till Junior Ranger-hobbyn med start i juni<\/h4>\n<p>Junior Ranger-hobbyn inleds med ett dagl\u00e4ger 2-4.6.2026 i Noux nationalpark. Vi bekantar oss med den fantastiska naturen och historien i Noux genom utf\u00e4rder. I hobbyverksamheten blir du bekant med naturforskning, arbetet f\u00f6r naturens m\u00e5ngfald, guidning, service och friluftsinfrastruktur, som g\u00f6r inom nationalparken.  <\/p>\n<p>I hobbyverksamheten f\u00e5r du l\u00e4ra dig friluftsf\u00e4rdigheter fr\u00e5n f\u00f6rsta hj\u00e4lpen till matlagning utomhus. Nationalparkens djur, v\u00e4xter och deras livsmilj\u00f6er \u00e4r en viktig grund f\u00f6r programmet.<br \/>\nTill\u00e4ggsinformation och <a href=\"https:\/\/www.metsa.fi\/vapaa-aika-luonnossa\/vapaaehtoistoiminta\/junior-rangerit\/junior-ranger-toimintaa-nuuksion-kansallispuistossa\/\" target=\"_blank\" rel=\"noopener\">anm\u00e4lningsblankett till Junior Ranger-hobbyn<\/a>, som fylls i tillsammans med barnet (p\u00e5 finska) <\/p>\n<p>Haku p\u00e4\u00e4ttyy 10.5.2026. Toiminta j\u00e4rjestet\u00e4\u00e4n suomeksi. <\/p>\n<h4>Flera f\u00e4rdigheter och nya platser genom forts\u00e4ttningsverksamheten<\/h4>\n<p>Efter l\u00e4gret forts\u00e4tter Junior Ranger-verksamheten i form av tr\u00e4ffar som ordnas 6-8 g\u00e5nger per \u00e5r. Tr\u00e4ffar ordnas under alla \u00e5rstider. En tr\u00e4ff kan vara en heldagsutf\u00e4rd i nationalparken, d\u00e4r man till exempel letar efter flygekorrspillning, eller en \u00f6vernattningsutf\u00e4rd med m\u00e5ngsidigt program. Man kan forts\u00e4tta i Junior Ranger-verksamheten tills man fyller 18 \u00e5r.  <\/p>\n<h5><strong>Mera information (p\u00e5 finska)<\/strong><\/h5>\n<ul>\n<li>S\u00e4hk\u00f6postitse jr.nuuksio(at)metsa.fi tai puhelimitse 040 163 6200<\/li>\n<li>Noux Junior Ranger -verksamhet arrangeras av Forststyrelsen.<\/li>\n<\/ul>\n<\/div><\/section><\/div>\n<style type=\"text\/css\" data-created_by=\"avia_inline_auto\" id=\"style-css-av-1vwqdo-f1595440eb39a2edd6dbc573b8e5d6a4\">\n.flex_column.av-1vwqdo-f1595440eb39a2edd6dbc573b8e5d6a4{\nborder-radius:0px 0px 0px 0px;\npadding:0px 0px 0px 0px;\n}\n<\/style>\n<div  class='flex_column av-1vwqdo-f1595440eb39a2edd6dbc573b8e5d6a4 av_one_half  avia-builder-el-7  el_after_av_one_half  avia-builder-el-last  flex_column_div av-zero-column-padding  '     ><p>\n<style type=\"text\/css\" data-created_by=\"avia_inline_auto\" id=\"style-css-av-kj04bzxw-68a1d37fa342ae429c57dd368597d17e\">\n.avia-image-container.av-kj04bzxw-68a1d37fa342ae429c57dd368597d17e img.avia_image{\nbox-shadow:none;\n}\n.avia-image-container.av-kj04bzxw-68a1d37fa342ae429c57dd368597d17e .av-image-caption-overlay-center{\ncolor:#ffffff;\n}\n<\/style>\n<div  class='avia-image-container av-kj04bzxw-68a1d37fa342ae429c57dd368597d17e av-styling-circle avia-align-center  avia-builder-el-8  el_before_av_image  avia-builder-el-first '   itemprop=\"image\" itemscope=\"itemscope\" itemtype=\"https:\/\/schema.org\/ImageObject\" ><div class=\"avia-image-container-inner\"><div class=\"avia-image-overlay-wrap\"><img decoding=\"async\" fetchpriority=\"high\" class='wp-image-1691008 avia-img-lazy-loading-not-1691008 avia_image ' src=\"https:\/\/haltia.com\/wp-content\/uploads\/2021\/03\/20200805_160031_lores_JR_ElinaPilke.jpg\" alt='Nuorella pojalla p\u00e4\u00e4ll\u00e4 Nuuksion kansallispuiston t-paita p\u00e4\u00e4ll\u00e4 mets\u00e4ss\u00e4' title='20200805_160031_lores_JR_ElinaPilke'  height=\"756\" width=\"1008\"  itemprop=\"thumbnailUrl\" srcset=\"https:\/\/haltia.com\/wp-content\/uploads\/2021\/03\/20200805_160031_lores_JR_ElinaPilke.jpg 1008w, https:\/\/haltia.com\/wp-content\/uploads\/2021\/03\/20200805_160031_lores_JR_ElinaPilke-300x225.jpg 300w, https:\/\/haltia.com\/wp-content\/uploads\/2021\/03\/20200805_160031_lores_JR_ElinaPilke-768x576.jpg 768w, https:\/\/haltia.com\/wp-content\/uploads\/2021\/03\/20200805_160031_lores_JR_ElinaPilke-705x529.jpg 705w\" sizes=\"(max-width: 1008px) 100vw, 1008px\" \/><\/div><\/div><\/div><br \/>\n\n<style type=\"text\/css\" data-created_by=\"avia_inline_auto\" id=\"style-css-av-kj04avfp-f635ee89c05a54e851321d243c07cc64\">\n.avia-image-container.av-kj04avfp-f635ee89c05a54e851321d243c07cc64 img.avia_image{\nbox-shadow:none;\n}\n.avia-image-container.av-kj04avfp-f635ee89c05a54e851321d243c07cc64 .av-image-caption-overlay-center{\ncolor:#ffffff;\n}\n<\/style>\n<div  class='avia-image-container av-kj04avfp-f635ee89c05a54e851321d243c07cc64 av-styling-circle avia-align-center  avia-builder-el-9  el_after_av_image  el_before_av_hr '   itemprop=\"image\" itemscope=\"itemscope\" itemtype=\"https:\/\/schema.org\/ImageObject\" ><div class=\"avia-image-container-inner\"><div class=\"avia-image-overlay-wrap\"><img decoding=\"async\" fetchpriority=\"high\" class='wp-image-1689385 avia-img-lazy-loading-not-1689385 avia_image ' src=\"https:\/\/haltia.com\/wp-content\/uploads\/2020\/12\/Noux-Outdoor-Camp.jpg\" alt='Lapset ja leirinohjaaja katselevat yl\u00f6s puun runkoa pitkin.' title='Noux Outdoor Camp'  height=\"1224\" width=\"1632\"  itemprop=\"thumbnailUrl\" srcset=\"https:\/\/haltia.com\/wp-content\/uploads\/2020\/12\/Noux-Outdoor-Camp.jpg 1632w, https:\/\/haltia.com\/wp-content\/uploads\/2020\/12\/Noux-Outdoor-Camp-300x225.jpg 300w, https:\/\/haltia.com\/wp-content\/uploads\/2020\/12\/Noux-Outdoor-Camp-1030x773.jpg 1030w, https:\/\/haltia.com\/wp-content\/uploads\/2020\/12\/Noux-Outdoor-Camp-768x576.jpg 768w, https:\/\/haltia.com\/wp-content\/uploads\/2020\/12\/Noux-Outdoor-Camp-1536x1152.jpg 1536w, https:\/\/haltia.com\/wp-content\/uploads\/2020\/12\/Noux-Outdoor-Camp-1500x1125.jpg 1500w, https:\/\/haltia.com\/wp-content\/uploads\/2020\/12\/Noux-Outdoor-Camp-705x529.jpg 705w\" sizes=\"(max-width: 1632px) 100vw, 1632px\" \/><\/div><\/div><\/div><br \/>\n<div  class='hr av-335nrg-d72f0ca1a49ad5e77e2802d9eaf68220 hr-default  avia-builder-el-10  el_after_av_image  el_before_av_textblock '><span class='hr-inner '><span class=\"hr-inner-style\"><\/span><\/span><\/div><br \/>\n<section  class='av_textblock_section av-ma3yu79i-32d412929c72b067282c1fdc4708e237 '   itemscope=\"itemscope\" itemtype=\"https:\/\/schema.org\/CreativeWork\" ><div class='avia_textblock'  itemprop=\"text\" ><h3>Junior Ranger<\/h3>\n<p>Junior Ranger on Euroopan suojelualueiden liitto <a href=\"https:\/\/www.europarc.org\/\" target=\"_blank\" rel=\"noopener\">Europarcin<\/a> ohjelma, josta Suomessa vastaa Mets\u00e4hallitus. Ymp\u00e4ri Eurooppaa voi tavata Junior Rangereita retkeilem\u00e4ss\u00e4 ja ty\u00f6n touhussa suojelualueilla.<\/p>\n<\/div><\/section><\/p><\/div><\/p>\n","protected":false},"excerpt":{"rendered":"","protected":false},"author":2,"featured_media":1689385,"parent":1689515,"menu_order":0,"comment_status":"closed","ping_status":"closed","template":"","meta":{"footnotes":""},"class_list":["post-1689573","page","type-page","status-publish","has-post-thumbnail","hentry"],"yoast_head":"<!-- This site is optimized with the Yoast SEO plugin v27.3 - https:\/\/yoast.com\/product\/yoast-seo-wordpress\/ -->\n<title>L\u00e4ger - haltia.com<\/title>\n<meta name=\"robots\" content=\"index, follow, max-snippet:-1, max-image-preview:large, max-video-preview:-1\" \/>\n<link rel=\"canonical\" href=\"https:\/\/haltia.com\/sv\/naturskola\/lager\/\" \/>\n<meta property=\"og:locale\" content=\"sv_SE\" \/>\n<meta property=\"og:type\" content=\"article\" \/>\n<meta property=\"og:title\" content=\"L\u00e4ger - haltia.com\" \/>\n<meta property=\"og:url\" content=\"https:\/\/haltia.com\/sv\/naturskola\/lager\/\" \/>\n<meta property=\"og:site_name\" content=\"haltia.com\" \/>\n<meta property=\"article:publisher\" content=\"https:\/\/www.facebook.com\/haltiacom\" \/>\n<meta property=\"article:modified_time\" content=\"2026-03-26T15:21:54+00:00\" \/>\n<meta property=\"og:image\" content=\"https:\/\/haltia.com\/wp-content\/uploads\/2020\/12\/Noux-Outdoor-Camp.jpg\" \/>\n\t<meta property=\"og:image:width\" content=\"1632\" \/>\n\t<meta property=\"og:image:height\" content=\"1224\" \/>\n\t<meta property=\"og:image:type\" content=\"image\/jpeg\" \/>\n<meta name=\"twitter:card\" content=\"summary_large_image\" \/>\n<meta name=\"twitter:site\" content=\"@HaltiaSuomi\" \/>\n<meta name=\"twitter:label1\" content=\"Ber\u00e4knad l\u00e4stid\" \/>\n\t<meta name=\"twitter:data1\" content=\"5 minuter\" \/>\n<script type=\"application\/ld+json\" class=\"yoast-schema-graph\">{\"@context\":\"https:\\\/\\\/schema.org\",\"@graph\":[{\"@type\":\"WebPage\",\"@id\":\"https:\\\/\\\/haltia.com\\\/sv\\\/naturskola\\\/lager\\\/\",\"url\":\"https:\\\/\\\/haltia.com\\\/sv\\\/naturskola\\\/lager\\\/\",\"name\":\"L\u00e4ger - haltia.com\",\"isPartOf\":{\"@id\":\"https:\\\/\\\/haltia.com\\\/sv\\\/#website\"},\"primaryImageOfPage\":{\"@id\":\"https:\\\/\\\/haltia.com\\\/sv\\\/naturskola\\\/lager\\\/#primaryimage\"},\"image\":{\"@id\":\"https:\\\/\\\/haltia.com\\\/sv\\\/naturskola\\\/lager\\\/#primaryimage\"},\"thumbnailUrl\":\"https:\\\/\\\/haltia.com\\\/wp-content\\\/uploads\\\/2020\\\/12\\\/Noux-Outdoor-Camp.jpg\",\"datePublished\":\"2020-12-23T12:21:57+00:00\",\"dateModified\":\"2026-03-26T15:21:54+00:00\",\"breadcrumb\":{\"@id\":\"https:\\\/\\\/haltia.com\\\/sv\\\/naturskola\\\/lager\\\/#breadcrumb\"},\"inLanguage\":\"sv-SE\",\"potentialAction\":[{\"@type\":\"ReadAction\",\"target\":[\"https:\\\/\\\/haltia.com\\\/sv\\\/naturskola\\\/lager\\\/\"]}]},{\"@type\":\"ImageObject\",\"inLanguage\":\"sv-SE\",\"@id\":\"https:\\\/\\\/haltia.com\\\/sv\\\/naturskola\\\/lager\\\/#primaryimage\",\"url\":\"https:\\\/\\\/haltia.com\\\/wp-content\\\/uploads\\\/2020\\\/12\\\/Noux-Outdoor-Camp.jpg\",\"contentUrl\":\"https:\\\/\\\/haltia.com\\\/wp-content\\\/uploads\\\/2020\\\/12\\\/Noux-Outdoor-Camp.jpg\",\"width\":1632,\"height\":1224,\"caption\":\"Lapset mets\u00e4retkell\u00e4\"},{\"@type\":\"BreadcrumbList\",\"@id\":\"https:\\\/\\\/haltia.com\\\/sv\\\/naturskola\\\/lager\\\/#breadcrumb\",\"itemListElement\":[{\"@type\":\"ListItem\",\"position\":1,\"name\":\"Home\",\"item\":\"https:\\\/\\\/haltia.com\\\/sv\\\/haltia-finlands-natur-och-vandringscentrum-framsida\\\/\"},{\"@type\":\"ListItem\",\"position\":2,\"name\":\"Guidning f\u00f6r skolklasser och daghemsgrupper i Haltia\",\"item\":\"https:\\\/\\\/haltia.com\\\/sv\\\/naturskola\\\/\"},{\"@type\":\"ListItem\",\"position\":3,\"name\":\"L\u00e4ger\"}]},{\"@type\":\"WebSite\",\"@id\":\"https:\\\/\\\/haltia.com\\\/sv\\\/#website\",\"url\":\"https:\\\/\\\/haltia.com\\\/sv\\\/\",\"name\":\"haltia.com\",\"description\":\"Ihan uusi WordPress-sivusto\",\"publisher\":{\"@id\":\"https:\\\/\\\/haltia.com\\\/sv\\\/#organization\"},\"potentialAction\":[{\"@type\":\"SearchAction\",\"target\":{\"@type\":\"EntryPoint\",\"urlTemplate\":\"https:\\\/\\\/haltia.com\\\/sv\\\/?s={search_term_string}\"},\"query-input\":{\"@type\":\"PropertyValueSpecification\",\"valueRequired\":true,\"valueName\":\"search_term_string\"}}],\"inLanguage\":\"sv-SE\"},{\"@type\":\"Organization\",\"@id\":\"https:\\\/\\\/haltia.com\\\/sv\\\/#organization\",\"name\":\"Haltia\",\"url\":\"https:\\\/\\\/haltia.com\\\/sv\\\/\",\"logo\":{\"@type\":\"ImageObject\",\"inLanguage\":\"sv-SE\",\"@id\":\"https:\\\/\\\/haltia.com\\\/sv\\\/#\\\/schema\\\/logo\\\/image\\\/\",\"url\":\"https:\\\/\\\/haltia.com\\\/wp-content\\\/uploads\\\/2020\\\/06\\\/haltia-logoweb.png\",\"contentUrl\":\"https:\\\/\\\/haltia.com\\\/wp-content\\\/uploads\\\/2020\\\/06\\\/haltia-logoweb.png\",\"width\":550,\"height\":320,\"caption\":\"Haltia\"},\"image\":{\"@id\":\"https:\\\/\\\/haltia.com\\\/sv\\\/#\\\/schema\\\/logo\\\/image\\\/\"},\"sameAs\":[\"https:\\\/\\\/www.facebook.com\\\/haltiacom\",\"https:\\\/\\\/x.com\\\/HaltiaSuomi\",\"https:\\\/\\\/www.instagram.com\\\/haltiacom\\\/\",\"https:\\\/\\\/fi.wikipedia.org\\\/wiki\\\/Suomen_luontokeskus_Haltia\"]}]}<\/script>\n<!-- \/ Yoast SEO plugin. -->","yoast_head_json":{"title":"L\u00e4ger - haltia.com","robots":{"index":"index","follow":"follow","max-snippet":"max-snippet:-1","max-image-preview":"max-image-preview:large","max-video-preview":"max-video-preview:-1"},"canonical":"https:\/\/haltia.com\/sv\/naturskola\/lager\/","og_locale":"sv_SE","og_type":"article","og_title":"L\u00e4ger - haltia.com","og_url":"https:\/\/haltia.com\/sv\/naturskola\/lager\/","og_site_name":"haltia.com","article_publisher":"https:\/\/www.facebook.com\/haltiacom","article_modified_time":"2026-03-26T15:21:54+00:00","og_image":[{"width":1632,"height":1224,"url":"https:\/\/haltia.com\/wp-content\/uploads\/2020\/12\/Noux-Outdoor-Camp.jpg","type":"image\/jpeg"}],"twitter_card":"summary_large_image","twitter_site":"@HaltiaSuomi","twitter_misc":{"Ber\u00e4knad l\u00e4stid":"5 minuter"},"schema":{"@context":"https:\/\/schema.org","@graph":[{"@type":"WebPage","@id":"https:\/\/haltia.com\/sv\/naturskola\/lager\/","url":"https:\/\/haltia.com\/sv\/naturskola\/lager\/","name":"L\u00e4ger - haltia.com","isPartOf":{"@id":"https:\/\/haltia.com\/sv\/#website"},"primaryImageOfPage":{"@id":"https:\/\/haltia.com\/sv\/naturskola\/lager\/#primaryimage"},"image":{"@id":"https:\/\/haltia.com\/sv\/naturskola\/lager\/#primaryimage"},"thumbnailUrl":"https:\/\/haltia.com\/wp-content\/uploads\/2020\/12\/Noux-Outdoor-Camp.jpg","datePublished":"2020-12-23T12:21:57+00:00","dateModified":"2026-03-26T15:21:54+00:00","breadcrumb":{"@id":"https:\/\/haltia.com\/sv\/naturskola\/lager\/#breadcrumb"},"inLanguage":"sv-SE","potentialAction":[{"@type":"ReadAction","target":["https:\/\/haltia.com\/sv\/naturskola\/lager\/"]}]},{"@type":"ImageObject","inLanguage":"sv-SE","@id":"https:\/\/haltia.com\/sv\/naturskola\/lager\/#primaryimage","url":"https:\/\/haltia.com\/wp-content\/uploads\/2020\/12\/Noux-Outdoor-Camp.jpg","contentUrl":"https:\/\/haltia.com\/wp-content\/uploads\/2020\/12\/Noux-Outdoor-Camp.jpg","width":1632,"height":1224,"caption":"Lapset mets\u00e4retkell\u00e4"},{"@type":"BreadcrumbList","@id":"https:\/\/haltia.com\/sv\/naturskola\/lager\/#breadcrumb","itemListElement":[{"@type":"ListItem","position":1,"name":"Home","item":"https:\/\/haltia.com\/sv\/haltia-finlands-natur-och-vandringscentrum-framsida\/"},{"@type":"ListItem","position":2,"name":"Guidning f\u00f6r skolklasser och daghemsgrupper i Haltia","item":"https:\/\/haltia.com\/sv\/naturskola\/"},{"@type":"ListItem","position":3,"name":"L\u00e4ger"}]},{"@type":"WebSite","@id":"https:\/\/haltia.com\/sv\/#website","url":"https:\/\/haltia.com\/sv\/","name":"haltia.com","description":"Ihan uusi WordPress-sivusto","publisher":{"@id":"https:\/\/haltia.com\/sv\/#organization"},"potentialAction":[{"@type":"SearchAction","target":{"@type":"EntryPoint","urlTemplate":"https:\/\/haltia.com\/sv\/?s={search_term_string}"},"query-input":{"@type":"PropertyValueSpecification","valueRequired":true,"valueName":"search_term_string"}}],"inLanguage":"sv-SE"},{"@type":"Organization","@id":"https:\/\/haltia.com\/sv\/#organization","name":"Haltia","url":"https:\/\/haltia.com\/sv\/","logo":{"@type":"ImageObject","inLanguage":"sv-SE","@id":"https:\/\/haltia.com\/sv\/#\/schema\/logo\/image\/","url":"https:\/\/haltia.com\/wp-content\/uploads\/2020\/06\/haltia-logoweb.png","contentUrl":"https:\/\/haltia.com\/wp-content\/uploads\/2020\/06\/haltia-logoweb.png","width":550,"height":320,"caption":"Haltia"},"image":{"@id":"https:\/\/haltia.com\/sv\/#\/schema\/logo\/image\/"},"sameAs":["https:\/\/www.facebook.com\/haltiacom","https:\/\/x.com\/HaltiaSuomi","https:\/\/www.instagram.com\/haltiacom\/","https:\/\/fi.wikipedia.org\/wiki\/Suomen_luontokeskus_Haltia"]}]}},"_links":{"self":[{"href":"https:\/\/haltia.com\/sv\/wp-json\/wp\/v2\/pages\/1689573","targetHints":{"allow":["GET"]}}],"collection":[{"href":"https:\/\/haltia.com\/sv\/wp-json\/wp\/v2\/pages"}],"about":[{"href":"https:\/\/haltia.com\/sv\/wp-json\/wp\/v2\/types\/page"}],"author":[{"embeddable":true,"href":"https:\/\/haltia.com\/sv\/wp-json\/wp\/v2\/users\/2"}],"replies":[{"embeddable":true,"href":"https:\/\/haltia.com\/sv\/wp-json\/wp\/v2\/comments?post=1689573"}],"version-history":[{"count":20,"href":"https:\/\/haltia.com\/sv\/wp-json\/wp\/v2\/pages\/1689573\/revisions"}],"predecessor-version":[{"id":9900099,"href":"https:\/\/haltia.com\/sv\/wp-json\/wp\/v2\/pages\/1689573\/revisions\/9900099"}],"up":[{"embeddable":true,"href":"https:\/\/haltia.com\/sv\/wp-json\/wp\/v2\/pages\/1689515"}],"wp:featuredmedia":[{"embeddable":true,"href":"https:\/\/haltia.com\/sv\/wp-json\/wp\/v2\/media\/1689385"}],"wp:attachment":[{"href":"https:\/\/haltia.com\/sv\/wp-json\/wp\/v2\/media?parent=1689573"}],"curies":[{"name":"wp","href":"https:\/\/api.w.org\/{rel}","templated":true}]}}