{"id":1687810,"date":"2020-10-22T13:50:22","date_gmt":"2020-10-22T10:50:22","guid":{"rendered":"https:\/\/haltia.com\/evenemang\/"},"modified":"2025-12-31T07:42:02","modified_gmt":"2025-12-31T05:42:02","slug":"evenemang","status":"publish","type":"page","link":"https:\/\/haltia.com\/sv\/evenemang\/","title":{"rendered":"Evenemang"},"content":{"rendered":"\n<style type=\"text\/css\" data-created_by=\"avia_inline_auto\" id=\"style-css-av-1g8br1-5a257012879f714a9e98a78aa93d6780\">\n.avia-section.av-1g8br1-5a257012879f714a9e98a78aa93d6780{\nbackground-repeat:no-repeat;\nbackground-image:url(https:\/\/haltia.com\/wp-content\/uploads\/2025\/02\/Retkilauantait2025_Retkipaikka_lores.jpg);\nbackground-position:50% 50%;\nbackground-attachment:scroll;\n}\n.avia-section.av-1g8br1-5a257012879f714a9e98a78aa93d6780 .av-section-color-overlay{\nopacity:0.7;\nbackground-color:#1d331d;\n}\n<\/style>\n<div id='av_section_1'  class='avia-section av-1g8br1-5a257012879f714a9e98a78aa93d6780 main_color avia-section-large avia-no-border-styling  avia-builder-el-0  el_before_av_hr  avia-builder-el-first  avia-full-stretch avia-bg-style-scroll av-section-color-overlay-active container_wrap fullsize'  data-section-bg-repeat='stretch'><div class=\"av-section-color-overlay-wrap\"><div class=\"av-section-color-overlay\"><\/div><div class='container av-section-cont-open' ><main  role=\"main\" itemprop=\"mainContentOfPage\"  class='template-page content  av-content-full alpha units'><div class='post-entry post-entry-type-page post-entry-1687810'><div class='entry-content-wrapper clearfix'>\n\n<style type=\"text\/css\" data-created_by=\"avia_inline_auto\" id=\"style-css-av-av_heading-56f9cd946f08ab2c0a467197b2e12ba4\">\n#top .av-special-heading.av-av_heading-56f9cd946f08ab2c0a467197b2e12ba4{\npadding-bottom:30px;\ncolor:#ffffff;\nfont-size:70px;\n}\nbody .av-special-heading.av-av_heading-56f9cd946f08ab2c0a467197b2e12ba4 .av-special-heading-tag .heading-char{\nfont-size:25px;\n}\n#top #wrap_all .av-special-heading.av-av_heading-56f9cd946f08ab2c0a467197b2e12ba4 .av-special-heading-tag{\nfont-size:70px;\n}\n.av-special-heading.av-av_heading-56f9cd946f08ab2c0a467197b2e12ba4 .special-heading-inner-border{\nborder-color:#ffffff;\n}\n.av-special-heading.av-av_heading-56f9cd946f08ab2c0a467197b2e12ba4 .av-subheading{\nfont-size:15px;\n}\n\n@media only screen and (min-width: 480px) and (max-width: 767px){ \n#top #wrap_all .av-special-heading.av-av_heading-56f9cd946f08ab2c0a467197b2e12ba4 .av-special-heading-tag{\nfont-size:0.8em;\n}\n}\n\n@media only screen and (max-width: 479px){ \n#top #wrap_all .av-special-heading.av-av_heading-56f9cd946f08ab2c0a467197b2e12ba4 .av-special-heading-tag{\nfont-size:0.8em;\n}\n}\n<\/style>\n<div  class='av-special-heading av-av_heading-56f9cd946f08ab2c0a467197b2e12ba4 av-special-heading-h1 custom-color-heading blockquote modern-quote  avia-builder-el-1  el_before_av_two_third  avia-builder-el-first  av-inherit-size'><h1 class='av-special-heading-tag '  itemprop=\"headline\"  >Evenemang i Haltia<\/h1><div class=\"special-heading-border\"><div class=\"special-heading-inner-border\"><\/div><\/div><\/div>\n\n<style type=\"text\/css\" data-created_by=\"avia_inline_auto\" id=\"style-css-av-14u8mt-e28fffe7cd4e12e0db235e6b5784c78e\">\n.flex_column.av-14u8mt-e28fffe7cd4e12e0db235e6b5784c78e{\nborder-radius:0px 0px 0px 0px;\npadding:0px 0px 0px 0px;\n}\n<\/style>\n<div  class='flex_column av-14u8mt-e28fffe7cd4e12e0db235e6b5784c78e av_two_third  avia-builder-el-2  el_after_av_heading  el_before_av_one_third  first flex_column_div av-zero-column-padding  '     ><style type=\"text\/css\" data-created_by=\"avia_inline_auto\" id=\"style-css-av-yeo7p-a152bc3ad1494a4a4cbf653fa8695d63\">\n#top .av_textblock_section.av-yeo7p-a152bc3ad1494a4a4cbf653fa8695d63 .avia_textblock{\ncolor:#ffffff;\n}\n<\/style>\n<section  class='av_textblock_section av-yeo7p-a152bc3ad1494a4a4cbf653fa8695d63 '   itemscope=\"itemscope\" itemtype=\"https:\/\/schema.org\/CreativeWork\" ><div class='avia_textblock av_inherit_color'  itemprop=\"text\" ><p><strong>P\u00e5 denna sida hittar du information om kommande evenemang p\u00e5 Finlands naturcentrum Haltia.<\/strong><\/p>\n<p style=\"text-align: left;\"><strong>I Haltia <\/strong><strong>ordnas f\u00f6rsta l\u00f6rdagen varje m\u00e5nad <a href=\"https:\/\/haltia.com\/retkilauantai\/\">Friluftsl\u00f6rdagar<\/a>, d\u00e5 vi delar med oss av id\u00e9er och ger v\u00e4gledning f\u00f6r friluftsliv \u00e5ret runt med v\u00e4xlande teman. <\/strong><em>Evenemangens program g\u00e5r p\u00e5 finska, men man kan delta i evenemanget trots det.<\/em><\/p>\n<p style=\"text-align: left;\">P\u00e5 Friluftsl\u00f6rdagarna \u00e4r Haltia \u00f6ppet enligt normala \u00f6ppeth\u00e5llningstider och det \u00e4t fritt intr\u00e4de till utst\u00e4llningarna sista tv\u00e5 timmarna.<\/p>\n<p>Evenemangen arrangeras tillsammans med v\u00e5ra samarbetspartners och annonseras s\u00e5 snart evenemanget \u00e4r bekr\u00e4ftat.<\/p>\n<\/div><\/section><\/div>\n<style type=\"text\/css\" data-created_by=\"avia_inline_auto\" id=\"style-css-av-av_one_third-e671fab5613f317ef63eb9ab712c64a3\">\n.flex_column.av-av_one_third-e671fab5613f317ef63eb9ab712c64a3{\nborder-radius:0px 0px 0px 0px;\npadding:0px 0px 0px 0px;\n}\n<\/style>\n<div  class='flex_column av-av_one_third-e671fab5613f317ef63eb9ab712c64a3 av_one_third  avia-builder-el-4  el_after_av_two_third  avia-builder-el-last  flex_column_div av-zero-column-padding  '     ><style type=\"text\/css\" data-created_by=\"avia_inline_auto\" id=\"style-css-av-lqqesf2h-2a0d0b414edb0241e93d8dc5ef4ca5b5\">\n#top .av_textblock_section.av-lqqesf2h-2a0d0b414edb0241e93d8dc5ef4ca5b5 .avia_textblock{\ncolor:#ffffff;\n}\n<\/style>\n<section  class='av_textblock_section av-lqqesf2h-2a0d0b414edb0241e93d8dc5ef4ca5b5 '   itemscope=\"itemscope\" itemtype=\"https:\/\/schema.org\/CreativeWork\" ><div class='avia_textblock av_inherit_color'  itemprop=\"text\" ><h2>Friluftsl\u00f6rdagar 2026:<\/h2>\n<p>Januari 3.1.: Murhaava luonto<br \/>\nFebruari 7.2.: LuxNuuksio<br \/>\nMars 7.3.: Saunael\u00e4mys<br \/>\nApril 4.4.: Mytologia<br \/>\nMaj 2.5.: Villiyrtit<br \/>\nJuni 6.6.: Luontokuvaus<br \/>\nJuli 4.7.: Paljasjalkak\u00e4vely<br \/>\nAugusti 1.8.: Vauvojen ja taaperoiden luontokylpy<br \/>\nSeptember 5.9.: Luonnon terveysvaikutukset<br \/>\nOktober 3.10.: Mytologia<br \/>\nNovember 7.11.: Pimeyden taikaa<br \/>\nDecember 5.12.: Mytologia<\/p>\n<\/div><\/section><\/div><\/div><\/div><\/main><!-- close content main element --><\/div><\/div><\/div><div id='after_section_1'  class='main_color av_default_container_wrap container_wrap fullsize'  ><div class='container av-section-cont-open' ><div class='template-page content  av-content-full alpha units'><div class='post-entry post-entry-type-page post-entry-1687810'><div class='entry-content-wrapper clearfix'>\n<style type=\"text\/css\" data-created_by=\"avia_inline_auto\" id=\"style-css-av-1ez9p-6a52180088a449912107f40c924d08c2\">\n#top .hr.hr-invisible.av-1ez9p-6a52180088a449912107f40c924d08c2{\nheight:50px;\n}\n<\/style>\n<div  class='hr av-1ez9p-6a52180088a449912107f40c924d08c2 hr-invisible  avia-builder-el-6  el_after_av_section  el_before_av_masonry_entries  avia-builder-el-no-sibling '><span class='hr-inner '><span class=\"hr-inner-style\"><\/span><\/span><\/div><\/p>\n\n<div id='av-masonry-2' class='av-masonry av-av_masonry_entries-a2985e6b8681e133fca49eb4a9ff0061 noHover av-fixed-size av-large-gap av-hover-overlay-active av-masonry-animation-active av-masonry-col-flexible av-caption-always av-caption-style-overlay av-masonry-entries ' data-post_id=\"1687810\"><div class='av-masonry-sort main_color av-sort-yes' data-masonry-id='2' ><div class='av-sort-by-term  ' data-av-allowed-sort='[\"aktuellt-sv_sort\",\"evenemang_sort\",\"utstallningar_sort\"]' ><a href=\"#\" data-filter=\"all_sort\" class=\"all_sort_button active_sort\"><span class=\"inner_sort_button\"><span>Alla<\/span><small class=\"avia-term-count\"> 6 <\/small><\/span><\/a><span class='text-sep aktuellt-sv_sort_sep avia_show_sort'>\/<\/span><a href=\"#\" data-filter=\"aktuellt-sv_sort\" class=\"aktuellt-sv_sort_button avia_show_sort\" ><span class=\"inner_sort_button\"><span>Aktuellt<\/span><small class='avia-term-count'> 2 <\/small><\/span><\/a><span class='text-sep evenemang_sort_sep avia_show_sort'>\/<\/span><a href=\"#\" data-filter=\"evenemang_sort\" class=\"evenemang_sort_button avia_show_sort\" ><span class=\"inner_sort_button\"><span>evenemang<\/span><small class='avia-term-count'> 2 <\/small><\/span><\/a><span class='text-sep utstallningar_sort_sep avia_show_sort'>\/<\/span><a href=\"#\" data-filter=\"utstallningar_sort\" class=\"utstallningar_sort_button avia_show_sort\" ><span class=\"inner_sort_button\"><span>utst\u00e4llningar<\/span><small class='avia-term-count'> 6 <\/small><\/span><\/a><\/div><\/div><div class=\"av-masonry-container isotope av-js-disabled\"><div class='av-masonry-entry isotope-item av-masonry-item-no-image all_sort utstallningar_sort  aktuellt-sv_sort  evenemang_sort '><\/div><a href=\"https:\/\/haltia.com\/sv\/portfolio-item\/minja-k-kraften-i-tradet-och-i-dig\/\"  id='av-masonry-2-item-1708967' data-av-masonry-item='1708967' class='av-masonry-entry isotope-item post-1708967 portfolio type-portfolio status-publish has-post-thumbnail hentry tag-etusivu-nosto-sv portfolio_entries-utstallningar all_sort utstallningar_sort  av-masonry-item-with-image av-landscape-img' title=\"Puun_ja_sinun_sis\u00e4inen_voima_MinjaK\"   itemscope=\"itemscope\" itemtype=\"https:\/\/schema.org\/CreativeWork\" ><div class='av-inner-masonry-sizer'><\/div><figure class='av-inner-masonry main_color'><div class=\"av-masonry-outerimage-container\"><div class='av-masonry-image-container' style=\"background-image: url(https:\/\/haltia.com\/wp-content\/uploads\/2026\/03\/Puun_ja_sinun_sisainen_voima_MinjaK-705x375.jpg);\"  title=\"Puun_ja_sinun_sis\u00e4inen_voima_MinjaK\" ><\/div><\/div><figcaption class='av-inner-masonry-content site-background'><div class='av-inner-masonry-content-pos'><div class='av-inner-masonry-content-pos-content'><div class='avia-arrow'><\/div><h3 class='av-masonry-entry-title entry-title '  itemprop=\"headline\" >Minja K: Kraften i tr\u00e4det och i dig 2.4-28.6.2026<\/h3><\/div><\/div><\/figcaption><\/figure><\/a><!--end av-masonry entry--><a href=\"https:\/\/haltia.com\/sv\/portfolio-item\/pop-up-utstallning-djurbilder-av-ossi-saarinen\/\"  id='av-masonry-2-item-1707771' data-av-masonry-item='1707771' class='av-masonry-entry isotope-item post-1707771 portfolio type-portfolio status-publish has-post-thumbnail hentry tag-etusivu-nosto-sv portfolio_entries-utstallningar all_sort utstallningar_sort  av-masonry-item-with-image av-grid-img' title=\"waitformemom_OssiSaarinen_lores\"   itemscope=\"itemscope\" itemtype=\"https:\/\/schema.org\/CreativeWork\" ><div class='av-inner-masonry-sizer'><\/div><figure class='av-inner-masonry main_color'><div class=\"av-masonry-outerimage-container\"><div class='av-masonry-image-container' style=\"background-image: url(https:\/\/haltia.com\/wp-content\/uploads\/2025\/11\/waitformemom_OssiSaarinen_lores-470x705.jpg);\"  title=\"waitformemom_OssiSaarinen_lores\" ><\/div><\/div><figcaption class='av-inner-masonry-content site-background'><div class='av-inner-masonry-content-pos'><div class='av-inner-masonry-content-pos-content'><div class='avia-arrow'><\/div><h3 class='av-masonry-entry-title entry-title '  itemprop=\"headline\" >Pop-up utst\u00e4llning: djurbilder av Ossi Saarinen<\/h3><\/div><\/div><\/figcaption><\/figure><\/a><!--end av-masonry entry--><a href=\"https:\/\/haltia.com\/sv\/portfolio-item\/elden-ger-skogen-liv-utstallning\/\"  id='av-masonry-2-item-1702960' data-av-masonry-item='1702960' class='av-masonry-entry isotope-item post-1702960 portfolio type-portfolio status-publish has-post-thumbnail hentry tag-etusivu-nosto-sv tag-evenemang tag-utstallning portfolio_entries-aktuellt-sv portfolio_entries-evenemang portfolio_entries-utstallningar all_sort aktuellt-sv_sort  evenemang_sort  utstallningar_sort  av-masonry-item-with-image av-grid-img' title=\"Metsapalaa_1080X1350_ilmantekstia\"   itemscope=\"itemscope\" itemtype=\"https:\/\/schema.org\/CreativeWork\" ><div class='av-inner-masonry-sizer'><\/div><figure class='av-inner-masonry main_color'><div class=\"av-masonry-outerimage-container\"><div class='av-masonry-image-container' style=\"background-image: url(https:\/\/haltia.com\/wp-content\/uploads\/2024\/03\/Metsapalaa_1080X1350_ilmantekstia-564x705.jpg);\"  title=\"Metsapalaa_1080X1350_ilmantekstia\" ><\/div><\/div><figcaption class='av-inner-masonry-content site-background'><div class='av-inner-masonry-content-pos'><div class='av-inner-masonry-content-pos-content'><div class='avia-arrow'><\/div><h3 class='av-masonry-entry-title entry-title '  itemprop=\"headline\" >Elden ger skogen liv bara till 6.4.2026<\/h3><\/div><\/div><\/figcaption><\/figure><\/a><!--end av-masonry entry--><a href=\"https:\/\/haltia.com\/sv\/portfolio-item\/kirsi-vahtera-landets-krona\/\"  id='av-masonry-2-item-1708507' data-av-masonry-item='1708507' class='av-masonry-entry isotope-item post-1708507 portfolio type-portfolio status-publish has-post-thumbnail hentry tag-etusivu-nosto-sv portfolio_entries-utstallningar all_sort utstallningar_sort  av-masonry-item-with-image av-grid-img' title=\"Iku-Turso_KirsiVahtera\"   itemscope=\"itemscope\" itemtype=\"https:\/\/schema.org\/CreativeWork\" ><div class='av-inner-masonry-sizer'><\/div><figure class='av-inner-masonry main_color'><div class=\"av-masonry-outerimage-container\"><div class='av-masonry-image-container' style=\"background-image: url(https:\/\/haltia.com\/wp-content\/uploads\/2026\/01\/Iku-Turso_KirsiVahtera.jpg);\"  title=\"Iku-Turso_KirsiVahtera\" ><\/div><\/div><figcaption class='av-inner-masonry-content site-background'><div class='av-inner-masonry-content-pos'><div class='av-inner-masonry-content-pos-content'><div class='avia-arrow'><\/div><h3 class='av-masonry-entry-title entry-title '  itemprop=\"headline\" >Kirsi Vahtera: Landets krona 9.1-26.3.2026<\/h3><\/div><\/div><\/figcaption><\/figure><\/a><!--end av-masonry entry--><a href=\"https:\/\/haltia.com\/sv\/portfolio-item\/huvudutstallningen-finland-natur-2\/\"  id='av-masonry-2-item-1688724' data-av-masonry-item='1688724' class='av-masonry-entry isotope-item post-1688724 portfolio type-portfolio status-publish has-post-thumbnail hentry tag-etusivu-nosto-sv tag-utstallning portfolio_entries-aktuellt-sv portfolio_entries-evenemang portfolio_entries-utstallningar all_sort aktuellt-sv_sort  evenemang_sort  utstallningar_sort  av-masonry-item-with-image av-grid-img' title=\"Haltia_Sotkan_muna_Peliteoria_MH_JariKostet_lores\"   itemscope=\"itemscope\" itemtype=\"https:\/\/schema.org\/CreativeWork\" ><div class='av-inner-masonry-sizer'><\/div><figure class='av-inner-masonry main_color'><div class=\"av-masonry-outerimage-container\"><div class='av-masonry-image-container' style=\"background-image: url(https:\/\/haltia.com\/wp-content\/uploads\/2025\/04\/Haltia_Sotkan_muna_Peliteoria_MH_JariKostet_lores-470x705.jpg);\"  title=\"Haltia_Sotkan_muna_Peliteoria_MH_JariKostet_lores\" ><\/div><\/div><figcaption class='av-inner-masonry-content site-background'><div class='av-inner-masonry-content-pos'><div class='av-inner-masonry-content-pos-content'><div class='avia-arrow'><\/div><h3 class='av-masonry-entry-title entry-title '  itemprop=\"headline\" >Du hinner \u00e4nnu uppt\u00e4cka nuvarande huvudutst\u00e4llningen!<\/h3><\/div><\/div><\/figcaption><\/figure><\/a><!--end av-masonry entry--><a href=\"https:\/\/haltia.com\/sv\/portfolio-item\/utstallningen-om-noux-nationalpark-ar-nu-oppen\/\"  id='av-masonry-2-item-1704199' data-av-masonry-item='1704199' class='av-masonry-entry isotope-item post-1704199 portfolio type-portfolio status-publish has-post-thumbnail hentry tag-etusivu-nosto-sv tag-evenemang tag-specialutstallning tag-tapahtumat-sv tag-utstallning portfolio_entries-utstallningar all_sort utstallningar_sort  av-masonry-item-with-image av-landscape-img' title=\"Nuuksion_kansallispuisto_ulkon\u00e4yttely_Haltia_lores_PetriRy\u00f6ppy\"   itemscope=\"itemscope\" itemtype=\"https:\/\/schema.org\/CreativeWork\" ><div class='av-inner-masonry-sizer'><\/div><figure class='av-inner-masonry main_color'><div class=\"av-masonry-outerimage-container\"><div class='av-masonry-image-container' style=\"background-image: url(https:\/\/haltia.com\/wp-content\/uploads\/2024\/10\/Nuuksion_kansallispuisto_ulkonayttely_Haltia_lores_PetriRyoppy-705x397.jpg);\"  title=\"Nuuksion_kansallispuisto_ulkon\u00e4yttely_Haltia_lores_PetriRy\u00f6ppy\" ><\/div><\/div><figcaption class='av-inner-masonry-content site-background'><div class='av-inner-masonry-content-pos'><div class='av-inner-masonry-content-pos-content'><div class='avia-arrow'><\/div><h3 class='av-masonry-entry-title entry-title '  itemprop=\"headline\" >Utst\u00e4llningen om Noux nationalpark i Haltia!<\/h3><\/div><\/div><\/figcaption><\/figure><\/a><!--end av-masonry entry--><\/div><\/div>\n","protected":false},"excerpt":{"rendered":"","protected":false},"author":2,"featured_media":1705217,"parent":0,"menu_order":0,"comment_status":"closed","ping_status":"closed","template":"","meta":{"footnotes":""},"class_list":["post-1687810","page","type-page","status-publish","has-post-thumbnail","hentry"],"yoast_head":"<!-- This site is optimized with the Yoast SEO plugin v27.3 - https:\/\/yoast.com\/product\/yoast-seo-wordpress\/ -->\n<title>Evenemang - haltia.com<\/title>\n<meta name=\"robots\" content=\"index, follow, max-snippet:-1, max-image-preview:large, max-video-preview:-1\" \/>\n<link rel=\"canonical\" href=\"https:\/\/haltia.com\/sv\/evenemang\/\" \/>\n<meta property=\"og:locale\" content=\"sv_SE\" \/>\n<meta property=\"og:type\" content=\"article\" \/>\n<meta property=\"og:title\" content=\"Evenemang - haltia.com\" \/>\n<meta property=\"og:url\" content=\"https:\/\/haltia.com\/sv\/evenemang\/\" \/>\n<meta property=\"og:site_name\" content=\"haltia.com\" \/>\n<meta property=\"article:publisher\" content=\"https:\/\/www.facebook.com\/haltiacom\" \/>\n<meta property=\"article:modified_time\" content=\"2025-12-31T05:42:02+00:00\" \/>\n<meta property=\"og:image\" content=\"https:\/\/haltia.com\/wp-content\/uploads\/2025\/02\/Retkilauantait2025_Retkipaikka_lores.jpg\" \/>\n\t<meta property=\"og:image:width\" content=\"1024\" \/>\n\t<meta property=\"og:image:height\" content=\"768\" \/>\n\t<meta property=\"og:image:type\" content=\"image\/jpeg\" \/>\n<meta name=\"twitter:card\" content=\"summary_large_image\" \/>\n<meta name=\"twitter:site\" content=\"@HaltiaSuomi\" \/>\n<meta name=\"twitter:label1\" content=\"Ber\u00e4knad l\u00e4stid\" \/>\n\t<meta name=\"twitter:data1\" content=\"2 minuter\" \/>\n<script type=\"application\/ld+json\" class=\"yoast-schema-graph\">{\"@context\":\"https:\\\/\\\/schema.org\",\"@graph\":[{\"@type\":\"WebPage\",\"@id\":\"https:\\\/\\\/haltia.com\\\/sv\\\/evenemang\\\/\",\"url\":\"https:\\\/\\\/haltia.com\\\/sv\\\/evenemang\\\/\",\"name\":\"Evenemang - haltia.com\",\"isPartOf\":{\"@id\":\"https:\\\/\\\/haltia.com\\\/sv\\\/#website\"},\"primaryImageOfPage\":{\"@id\":\"https:\\\/\\\/haltia.com\\\/sv\\\/evenemang\\\/#primaryimage\"},\"image\":{\"@id\":\"https:\\\/\\\/haltia.com\\\/sv\\\/evenemang\\\/#primaryimage\"},\"thumbnailUrl\":\"https:\\\/\\\/haltia.com\\\/wp-content\\\/uploads\\\/2025\\\/02\\\/Retkilauantait2025_Retkipaikka_lores.jpg\",\"datePublished\":\"2020-10-22T10:50:22+00:00\",\"dateModified\":\"2025-12-31T05:42:02+00:00\",\"breadcrumb\":{\"@id\":\"https:\\\/\\\/haltia.com\\\/sv\\\/evenemang\\\/#breadcrumb\"},\"inLanguage\":\"sv-SE\",\"potentialAction\":[{\"@type\":\"ReadAction\",\"target\":[\"https:\\\/\\\/haltia.com\\\/sv\\\/evenemang\\\/\"]}]},{\"@type\":\"ImageObject\",\"inLanguage\":\"sv-SE\",\"@id\":\"https:\\\/\\\/haltia.com\\\/sv\\\/evenemang\\\/#primaryimage\",\"url\":\"https:\\\/\\\/haltia.com\\\/wp-content\\\/uploads\\\/2025\\\/02\\\/Retkilauantait2025_Retkipaikka_lores.jpg\",\"contentUrl\":\"https:\\\/\\\/haltia.com\\\/wp-content\\\/uploads\\\/2025\\\/02\\\/Retkilauantait2025_Retkipaikka_lores.jpg\",\"width\":1024,\"height\":768,\"caption\":\"Ihminen katsoo luontomaisemaa kallion p\u00e4\u00e4lt\u00e4\"},{\"@type\":\"BreadcrumbList\",\"@id\":\"https:\\\/\\\/haltia.com\\\/sv\\\/evenemang\\\/#breadcrumb\",\"itemListElement\":[{\"@type\":\"ListItem\",\"position\":1,\"name\":\"Home\",\"item\":\"https:\\\/\\\/haltia.com\\\/sv\\\/haltia-finlands-natur-och-vandringscentrum-framsida\\\/\"},{\"@type\":\"ListItem\",\"position\":2,\"name\":\"Evenemang\"}]},{\"@type\":\"WebSite\",\"@id\":\"https:\\\/\\\/haltia.com\\\/sv\\\/#website\",\"url\":\"https:\\\/\\\/haltia.com\\\/sv\\\/\",\"name\":\"haltia.com\",\"description\":\"Ihan uusi WordPress-sivusto\",\"publisher\":{\"@id\":\"https:\\\/\\\/haltia.com\\\/sv\\\/#organization\"},\"potentialAction\":[{\"@type\":\"SearchAction\",\"target\":{\"@type\":\"EntryPoint\",\"urlTemplate\":\"https:\\\/\\\/haltia.com\\\/sv\\\/?s={search_term_string}\"},\"query-input\":{\"@type\":\"PropertyValueSpecification\",\"valueRequired\":true,\"valueName\":\"search_term_string\"}}],\"inLanguage\":\"sv-SE\"},{\"@type\":\"Organization\",\"@id\":\"https:\\\/\\\/haltia.com\\\/sv\\\/#organization\",\"name\":\"Haltia\",\"url\":\"https:\\\/\\\/haltia.com\\\/sv\\\/\",\"logo\":{\"@type\":\"ImageObject\",\"inLanguage\":\"sv-SE\",\"@id\":\"https:\\\/\\\/haltia.com\\\/sv\\\/#\\\/schema\\\/logo\\\/image\\\/\",\"url\":\"https:\\\/\\\/haltia.com\\\/wp-content\\\/uploads\\\/2020\\\/06\\\/haltia-logoweb.png\",\"contentUrl\":\"https:\\\/\\\/haltia.com\\\/wp-content\\\/uploads\\\/2020\\\/06\\\/haltia-logoweb.png\",\"width\":550,\"height\":320,\"caption\":\"Haltia\"},\"image\":{\"@id\":\"https:\\\/\\\/haltia.com\\\/sv\\\/#\\\/schema\\\/logo\\\/image\\\/\"},\"sameAs\":[\"https:\\\/\\\/www.facebook.com\\\/haltiacom\",\"https:\\\/\\\/x.com\\\/HaltiaSuomi\",\"https:\\\/\\\/www.instagram.com\\\/haltiacom\\\/\",\"https:\\\/\\\/fi.wikipedia.org\\\/wiki\\\/Suomen_luontokeskus_Haltia\"]}]}<\/script>\n<!-- \/ Yoast SEO plugin. -->","yoast_head_json":{"title":"Evenemang - haltia.com","robots":{"index":"index","follow":"follow","max-snippet":"max-snippet:-1","max-image-preview":"max-image-preview:large","max-video-preview":"max-video-preview:-1"},"canonical":"https:\/\/haltia.com\/sv\/evenemang\/","og_locale":"sv_SE","og_type":"article","og_title":"Evenemang - haltia.com","og_url":"https:\/\/haltia.com\/sv\/evenemang\/","og_site_name":"haltia.com","article_publisher":"https:\/\/www.facebook.com\/haltiacom","article_modified_time":"2025-12-31T05:42:02+00:00","og_image":[{"width":1024,"height":768,"url":"https:\/\/haltia.com\/wp-content\/uploads\/2025\/02\/Retkilauantait2025_Retkipaikka_lores.jpg","type":"image\/jpeg"}],"twitter_card":"summary_large_image","twitter_site":"@HaltiaSuomi","twitter_misc":{"Ber\u00e4knad l\u00e4stid":"2 minuter"},"schema":{"@context":"https:\/\/schema.org","@graph":[{"@type":"WebPage","@id":"https:\/\/haltia.com\/sv\/evenemang\/","url":"https:\/\/haltia.com\/sv\/evenemang\/","name":"Evenemang - haltia.com","isPartOf":{"@id":"https:\/\/haltia.com\/sv\/#website"},"primaryImageOfPage":{"@id":"https:\/\/haltia.com\/sv\/evenemang\/#primaryimage"},"image":{"@id":"https:\/\/haltia.com\/sv\/evenemang\/#primaryimage"},"thumbnailUrl":"https:\/\/haltia.com\/wp-content\/uploads\/2025\/02\/Retkilauantait2025_Retkipaikka_lores.jpg","datePublished":"2020-10-22T10:50:22+00:00","dateModified":"2025-12-31T05:42:02+00:00","breadcrumb":{"@id":"https:\/\/haltia.com\/sv\/evenemang\/#breadcrumb"},"inLanguage":"sv-SE","potentialAction":[{"@type":"ReadAction","target":["https:\/\/haltia.com\/sv\/evenemang\/"]}]},{"@type":"ImageObject","inLanguage":"sv-SE","@id":"https:\/\/haltia.com\/sv\/evenemang\/#primaryimage","url":"https:\/\/haltia.com\/wp-content\/uploads\/2025\/02\/Retkilauantait2025_Retkipaikka_lores.jpg","contentUrl":"https:\/\/haltia.com\/wp-content\/uploads\/2025\/02\/Retkilauantait2025_Retkipaikka_lores.jpg","width":1024,"height":768,"caption":"Ihminen katsoo luontomaisemaa kallion p\u00e4\u00e4lt\u00e4"},{"@type":"BreadcrumbList","@id":"https:\/\/haltia.com\/sv\/evenemang\/#breadcrumb","itemListElement":[{"@type":"ListItem","position":1,"name":"Home","item":"https:\/\/haltia.com\/sv\/haltia-finlands-natur-och-vandringscentrum-framsida\/"},{"@type":"ListItem","position":2,"name":"Evenemang"}]},{"@type":"WebSite","@id":"https:\/\/haltia.com\/sv\/#website","url":"https:\/\/haltia.com\/sv\/","name":"haltia.com","description":"Ihan uusi WordPress-sivusto","publisher":{"@id":"https:\/\/haltia.com\/sv\/#organization"},"potentialAction":[{"@type":"SearchAction","target":{"@type":"EntryPoint","urlTemplate":"https:\/\/haltia.com\/sv\/?s={search_term_string}"},"query-input":{"@type":"PropertyValueSpecification","valueRequired":true,"valueName":"search_term_string"}}],"inLanguage":"sv-SE"},{"@type":"Organization","@id":"https:\/\/haltia.com\/sv\/#organization","name":"Haltia","url":"https:\/\/haltia.com\/sv\/","logo":{"@type":"ImageObject","inLanguage":"sv-SE","@id":"https:\/\/haltia.com\/sv\/#\/schema\/logo\/image\/","url":"https:\/\/haltia.com\/wp-content\/uploads\/2020\/06\/haltia-logoweb.png","contentUrl":"https:\/\/haltia.com\/wp-content\/uploads\/2020\/06\/haltia-logoweb.png","width":550,"height":320,"caption":"Haltia"},"image":{"@id":"https:\/\/haltia.com\/sv\/#\/schema\/logo\/image\/"},"sameAs":["https:\/\/www.facebook.com\/haltiacom","https:\/\/x.com\/HaltiaSuomi","https:\/\/www.instagram.com\/haltiacom\/","https:\/\/fi.wikipedia.org\/wiki\/Suomen_luontokeskus_Haltia"]}]}},"_links":{"self":[{"href":"https:\/\/haltia.com\/sv\/wp-json\/wp\/v2\/pages\/1687810","targetHints":{"allow":["GET"]}}],"collection":[{"href":"https:\/\/haltia.com\/sv\/wp-json\/wp\/v2\/pages"}],"about":[{"href":"https:\/\/haltia.com\/sv\/wp-json\/wp\/v2\/types\/page"}],"author":[{"embeddable":true,"href":"https:\/\/haltia.com\/sv\/wp-json\/wp\/v2\/users\/2"}],"replies":[{"embeddable":true,"href":"https:\/\/haltia.com\/sv\/wp-json\/wp\/v2\/comments?post=1687810"}],"version-history":[{"count":20,"href":"https:\/\/haltia.com\/sv\/wp-json\/wp\/v2\/pages\/1687810\/revisions"}],"predecessor-version":[{"id":1708320,"href":"https:\/\/haltia.com\/sv\/wp-json\/wp\/v2\/pages\/1687810\/revisions\/1708320"}],"wp:featuredmedia":[{"embeddable":true,"href":"https:\/\/haltia.com\/sv\/wp-json\/wp\/v2\/media\/1705217"}],"wp:attachment":[{"href":"https:\/\/haltia.com\/sv\/wp-json\/wp\/v2\/media?parent=1687810"}],"curies":[{"name":"wp","href":"https:\/\/api.w.org\/{rel}","templated":true}]}}